{"id":493,"date":"2015-10-16T10:47:12","date_gmt":"2015-10-16T09:47:12","guid":{"rendered":"http:\/\/www.prochoix.org\/wordpress\/?page_id=493"},"modified":"2016-01-30T10:53:15","modified_gmt":"2016-01-30T09:53:15","slug":"qui-sommes-nous","status":"publish","type":"page","link":"https:\/\/prochoix.org\/?page_id=493","title":{"rendered":"Qui sommes-nous ?"},"content":{"rendered":"<p><strong>Extraits des statuts<\/strong><\/p>\n<p>Association de journalistes, de chercheurs et de militants, ProChoix est un r\u00e9seau d&rsquo;investigation et d&rsquo;information se donnant pour objectif le d\u00e9veloppement d&rsquo;outils m\u00e9diatiques (revues, sites Internet, livres, documentaires) pour diffuser et d\u00e9fendre sa conception du droit de choisir.<\/p>\n<p>1) L&rsquo;association a pour objet d&rsquo;\u00e9tudier, de faire conna\u00eetre et de promouvoir les diff\u00e9rents droits de choisir, et notamment\u00a0: le droit de choisir ses naissances (droit \u00e0 la contraception et \u00e0 l&rsquo;avortement), le droit de choisir sa sexualit\u00e9, son mode d&rsquo;union, sa famille, le droit de mourir dans la dignit\u00e9, le droit de choisir son pays, le droit de choisir son cadre de vie (respect de l&rsquo;environnement).<\/p>\n<p>2) Elle d\u00e9fend l&rsquo;id\u00e9e d&rsquo;une soci\u00e9t\u00e9 respectant les choix de vie de chacun, l&rsquo;\u00e9galit\u00e9 et la libert\u00e9 individuelle pour tous, et le principe de la\u00efcit\u00e9.<\/p>\n<p>3) L&rsquo;association a corr\u00e9lativement pour objet la lutte contre toute forme d&rsquo;incitation \u00e0 la haine ou de discrimination li\u00e9e au sexe, \u00e0 l&rsquo;orientation sexuelle, aux moeurs, \u00e0 l&rsquo;origine ou \u00e0 l&rsquo;appartenance ethnique ou \u00e0 la religion, vraies ou suppos\u00e9es. D&rsquo;une fa\u00e7on g\u00e9n\u00e9rale, elle combat toute forme de racisme, d&rsquo;antis\u00e9mitisme, de x\u00e9nophobie, de sexisme, d&rsquo;antif\u00e9minisme ou d&rsquo;homophobie.<\/p>\n<p>4) F\u00e9ministe, la\u00efque, antifasciste, pro-avortement, favorable aux droits des gays et des lesbiennes, ProChoix se donne comme objectif la d\u00e9fense, notamment par l&rsquo;action juridique et m\u00e9diatique, du principe de la\u00efcit\u00e9, du respect de l&rsquo;environnement, des droits des gays et des lesbiennes, des droits des femmes, du droit \u00e0 l&rsquo;avortement contre toute entrave ou atteinte, et de mani\u00e8re g\u00e9n\u00e9rale la d\u00e9fense des droits de l&rsquo;homme et des libert\u00e9s individuelles.<\/p>\n<p>5) L&rsquo;association se r\u00e9serve le droit d&rsquo;ester en justice dans le cadre des objectifs fix\u00e9s par les pr\u00e9sents statuts, notamment pour la d\u00e9fense des int\u00e9r\u00eats individuels ou collectifs de ses membres, ou de toute personne dont la libert\u00e9 de choix, telle que d\u00e9finie ci-dessus, se trouverait atteinte en droit ou en fait.<\/p>\n<ul>\n<li><em>Nous avons emprunt\u00e9 le mot \u00ab\u00a0pro-choice\u00a0\u00bb au f\u00e9minisme am\u00e9ricain mais cette traduction fran\u00e7aise est devenue depuis tout \u00e0 fait autre chose, une \u00e9cole de pens\u00e9e pour la libert\u00e9 dans le progr\u00e8s pour tous. Nous l&rsquo;entendons en effet dans un sens plus large que simplement \u2018pro-avortement&rsquo;, au sens o\u00f9 nous ne sommes pas seulement pour le droit d&rsquo;avorter, mais plus g\u00e9n\u00e9ralement pour une certaine conception de la libert\u00e9 individuelle.<\/em><\/li>\n<\/ul>\n<p>Pour s&rsquo;abonner \u00e0 la liste de Diffusion ProChoix, il vous suffit d&rsquo;envoyer un mail avec pour objet \u00ab\u00a0<strong>subscribe\u00a0\u00bb<\/strong>\u00a0\u00e0 l&rsquo;adresse suivante\u00a0:\u00a0<a href=\"http:\/\/www.prochoix.org\/cgi\/blog\/index.php\/2006\/12\/19\/Prochoix@prochoix.org\">Prochoix@prochoix.org<\/a><\/p>\n<p>___<\/p>\n<h2>Nos livres de r\u00e9f\u00e9rence<\/h2>\n<p>&nbsp;<\/p>\n<p>\u2022\u00a0<a href=\"http:\/\/livre.fnac.com\/a8238760\/Caroline-Fourest-Eloge-du-blaspheme\">Eloge du blasph\u00e8me<\/a>. A propos de Charlie Hebdo et des attentats de Paris.<\/p>\n<p>\u2022\u00a0<a href=\"http:\/\/www.grasset.fr\/la-derniere-utopie-9782246709718\">La Derni\u00e8re Utopie<\/a>\u00a0: menaces sur l&rsquo;universalisme.<\/p>\n<ul>\n<ul>\n<li><a href=\"http:\/\/www.prochoix.org\/cgi\/blog\/index.php\/Chronique-de-l-integrisme-ordinaire\"><img loading=\"lazy\" decoding=\"async\" class=\" alignleft\" src=\"http:\/\/www.prochoix.org\/cgi\/blog\/images\/chronique_integrisme.jpg\" alt=\"Chronique de l'int\u00e9grisme ordinaire de Fiammetta Venner\" width=\"40\" height=\"63\" \/>Chronique de l&rsquo;int\u00e9grisme ordinaire<\/a>. Tour du monde du fanatisme religieux.<\/li>\n<\/ul>\n<\/ul>\n<p>&nbsp;<\/p>\n<ul>\n<ul>\n<li><a href=\"http:\/\/www.prochoix.org\/cgi\/blog\/index.php\/Les-nouveaux-soldats-du-pape\"><img loading=\"lazy\" decoding=\"async\" class=\" alignleft\" src=\"http:\/\/www.prochoix.org\/cgi\/blog\/images\/soldats_pape.jpg\" alt=\"Les nouveaux soldats du pape de Caroline Fourest et Fiammetta Venner\" width=\"40\" height=\"63\" \/>Les nouveaux soldats du pape<\/a>. L\u00e9gionnaires du Christ, Opus Dei et traditionnalistes.<\/li>\n<\/ul>\n<\/ul>\n<p>&nbsp;<\/p>\n<ul>\n<ul>\n<li><a href=\"http:\/\/www.prochoix.org\/cgi\/blog\/index.php\/Le-choc-des-prejuges\"><img loading=\"lazy\" decoding=\"async\" class=\" alignleft\" src=\"http:\/\/www.prochoix.org\/cgi\/blog\/images\/choc_des_prejuges_caroline_fourest.jpg\" alt=\"Le choc des pr\u00e9jug\u00e9s de Caroline Fourest\" width=\"40\" height=\"63\" \/>Le choc des pr\u00e9jug\u00e9s<\/a>. L&rsquo;impasse des postures victimaires et s\u00e9curitaires.<\/li>\n<\/ul>\n<\/ul>\n<p>&nbsp;<\/p>\n<ul>\n<ul>\n<li><a href=\"http:\/\/www.prochoix.org\/cgi\/blog\/index.php\/Extreme-france\">Extr\u00eame France<\/a>. Mouvements frontistes, nationaux-radicaux, <img loading=\"lazy\" decoding=\"async\" class=\" alignleft\" src=\"http:\/\/www.prochoix.org\/cgi\/blog\/images\/extremefrance_fiamettavenner.jpg\" alt=\"Extr\u00eame France de Fiammetta Venner\" width=\"40\" height=\"63\" \/>royalistes, catholiques traditionalistes et pro-vie en France.<\/li>\n<\/ul>\n<\/ul>\n<p>&nbsp;<\/p>\n<ul>\n<ul>\n<li><a href=\"http:\/\/www.prochoix.org\/cgi\/blog\/index.php\/La-tentation-obscurantiste\"><img loading=\"lazy\" decoding=\"async\" class=\" alignleft\" src=\"http:\/\/www.prochoix.org\/cgi\/blog\/images\/tentationobscurantiste_carolinefourest.jpg\" alt=\"La tentation obscurantiste de Caroline Fourest\" width=\"40\" height=\"63\" \/>La tentation obscurantiste<\/a>. Prix du livre politique 2006.<\/li>\n<\/ul>\n<\/ul>\n<p>&nbsp;<\/p>\n<ul>\n<ul>\n<li><a href=\"http:\/\/www.prochoix.org\/cgi\/blog\/index.php\/Opa-sur-lislam-de-france-les-ambitions-de-luoif\"><img decoding=\"async\" class=\" alignleft\" src=\"http:\/\/www.prochoix.org\/cgi\/blog\/images\/opa_fiammettavenner.jpg\" alt=\"OPA sur l'islam de France de Fiammetta Venner\" width=\"40\" height=\"63\/\" \/>OPA sur l&rsquo;islam de France<\/a>. Les ambitions de l&rsquo;UOIF.<\/li>\n<\/ul>\n<\/ul>\n<p>&nbsp;<\/p>\n<ul>\n<ul>\n<li><a href=\"http:\/\/www.prochoix.org\/cgi\/blog\/index.php\/Leffroyable-imposteur-quelques-verites-sur-thierry-meyssan\"><img decoding=\"async\" class=\" alignleft\" src=\"http:\/\/www.prochoix.org\/cgi\/blog\/images\/effroyableimposteur_fiammettavenner.jpg\" alt=\"L'effroyable imposteur de Fiammetta Venner\" width=\"40\" height=\"63\/\" \/>L&rsquo;effroyable imposteur<\/a>. Quelques v\u00e9rit\u00e9s sur Thierry Meyssan.<\/li>\n<\/ul>\n<\/ul>\n<p>&nbsp;<\/p>\n<ul>\n<ul>\n<li><a href=\"http:\/\/www.prochoix.org\/cgi\/blog\/index.php\/Frere-tariq-discours-strategie-et-methode-de-tariq-ramadan\"><img decoding=\"async\" class=\" alignleft\" src=\"http:\/\/www.prochoix.org\/cgi\/blog\/images\/freretariq_carolinefourest.jpg\" alt=\"Fr\u00e8re Tariq de Caroline Fourest\" width=\"40\" height=\"63\/\" \/>Fr\u00e8re Tariq<\/a>. Discours strat\u00e9gie et m\u00e9thode de Tariq Ramadan.<\/li>\n<\/ul>\n<\/ul>\n<p>&nbsp;<\/p>\n<ul>\n<ul>\n<li><a href=\"http:\/\/www.prochoix.org\/cgi\/blog\/index.php\/Tirs-croises-la-laicite-a-lepreuve-des-integrismes-juif-chretien-et-musulman\"><img decoding=\"async\" class=\" alignleft\" src=\"http:\/\/www.prochoix.org\/cgi\/blog\/images\/tirscroises_fourest_venner.jpg\" alt=\"Tirs crois\u00e9s de Caroline Fourest et Fiammetta Venner\" width=\"40\" height=\"63\/\" \/>Tirs crois\u00e9s<\/a>. La la\u00efcit\u00e9 \u00e0 l&rsquo;\u00e9preuve des int\u00e9grismes juif, chr\u00e9tien et musulman.<\/li>\n<\/ul>\n<\/ul>\n<p>&nbsp;<\/p>\n<ul>\n<ul>\n<li><a href=\"http:\/\/www.prochoix.org\/cgi\/blog\/index.php\/Foi-contre-choix-la-droite-religieuse-prolife-aux-etats-unis\"><img decoding=\"async\" class=\" alignleft\" src=\"http:\/\/www.prochoix.org\/cgi\/blog\/images\/foicontrechoix_carolinefourest.jpg\" alt=\"Foi Contre Choix de Caroline Fourest\" width=\"40\" height=\"63\/\" \/>Foi contre Choix<\/a>. La droite religieuse Prolife aux Etats-Unis.<\/li>\n<\/ul>\n<\/ul>\n<ul>\n<li><a href=\"http:\/\/www.jstor.org\/stable\/40619640?seq=1#page_scan_tab_contents\">\u00a0L\u2019Opposition \u00e0 l\u2019avortement<\/a>, du lobby au commando, Berg.<\/li>\n<\/ul>\n","protected":false},"excerpt":{"rendered":"<p>Extraits des statuts Association de journalistes, de chercheurs et de militants, ProChoix est un r\u00e9seau d&rsquo;investigation et d&rsquo;information se donnant pour objectif le d\u00e9veloppement d&rsquo;outils m\u00e9diatiques (revues, sites Internet, livres, documentaires) pour diffuser et d\u00e9fendre sa conception du droit de choisir. 1) L&rsquo;association a pour objet d&rsquo;\u00e9tudier, de faire conna\u00eetre et de promouvoir les diff\u00e9rents &hellip; <a href=\"https:\/\/prochoix.org\/?page_id=493\" class=\"more-link\">Continuer la lecture de <span class=\"screen-reader-text\">Qui sommes-nous ?<\/span>  <span class=\"meta-nav\">&rarr;<\/span><\/a><\/p>\n","protected":false},"author":1,"featured_media":0,"parent":0,"menu_order":0,"comment_status":"open","ping_status":"open","template":"","meta":{"footnotes":""},"_links":{"self":[{"href":"https:\/\/prochoix.org\/index.php?rest_route=\/wp\/v2\/pages\/493"}],"collection":[{"href":"https:\/\/prochoix.org\/index.php?rest_route=\/wp\/v2\/pages"}],"about":[{"href":"https:\/\/prochoix.org\/index.php?rest_route=\/wp\/v2\/types\/page"}],"author":[{"embeddable":true,"href":"https:\/\/prochoix.org\/index.php?rest_route=\/wp\/v2\/users\/1"}],"replies":[{"embeddable":true,"href":"https:\/\/prochoix.org\/index.php?rest_route=%2Fwp%2Fv2%2Fcomments&post=493"}],"version-history":[{"count":9,"href":"https:\/\/prochoix.org\/index.php?rest_route=\/wp\/v2\/pages\/493\/revisions"}],"predecessor-version":[{"id":817,"href":"https:\/\/prochoix.org\/index.php?rest_route=\/wp\/v2\/pages\/493\/revisions\/817"}],"wp:attachment":[{"href":"https:\/\/prochoix.org\/index.php?rest_route=%2Fwp%2Fv2%2Fmedia&parent=493"}],"curies":[{"name":"wp","href":"https:\/\/api.w.org\/{rel}","templated":true}]}}