{"id":96,"date":"2014-11-16T19:47:13","date_gmt":"2014-11-16T18:47:13","guid":{"rendered":"http:\/\/www.prochoix.org\/wordpress\/?page_id=96"},"modified":"2014-11-23T10:42:21","modified_gmt":"2014-11-23T09:42:21","slug":"centre-de-documentation-de-prochoix","status":"publish","type":"page","link":"https:\/\/prochoix.org\/?page_id=96","title":{"rendered":"Centre de doc"},"content":{"rendered":"<div class=\"post-content\">\n<p>ProChoix dispose d&rsquo;un centre de documentation sur les mouvements anti-choix. Ce fond est constamment renouvel\u00e9 gr\u00e2ce aux enqu\u00eates de la revue. Si nous avions d\u00e9j\u00e0 d&rsquo;importantes archives sur les mouvements anti-IVG catholiques fran\u00e7ais en 1997, nous comptons aujourd&rsquo;hui pr\u00e8s de 400 bo\u00eetes d&rsquo;archives, une documentation assez exceptionnelle (constitu\u00e9e de tracts, de documents, de publications, de dossiers et de livres) portant sur les anti-avortement fran\u00e7ais et europ\u00e9ens, la droite religieuse am\u00e9ricaine (et la plupart des groupes pro-life), les anti-PaCS, les anti-f\u00e9ministes, les associations familialistes, l&rsquo;extr\u00eame droite catholique et protestante (y compris les r\u00e9seaux charismatiques), ainsi que sur certains mouvements islamistes et orthodoxes juifs.<\/p>\n<p><em>Pr\u00e9cision\u00a0: Pour tout ce qui concerne l&rsquo;avortement en tant que tel (et non ses opposants), nous vous conseillons de prendre plut\u00f4t contact avec le Centre de documentation du MFPF.<\/em><\/p>\n<\/div>\n<div class=\"encadre\">\n<p>Pour des raisons de s\u00e9curit\u00e9 et de moyens, notre Centre de documentation n&rsquo;est pas ouvert au public. Nos \u00e9quipes effectuent des recherches dans les archives sur commande. Si vous souhaitez des informations, posez toutes vos questions en envoyant un mail \u00e0 l&rsquo;adresse suivante\u00a0:<a href=\"prochoix@proxhoix.org\">prochoix@prochoix.org<\/a><\/p>\n<\/div>\n","protected":false},"excerpt":{"rendered":"<p>ProChoix dispose d&rsquo;un centre de documentation sur les mouvements anti-choix. Ce fond est constamment renouvel\u00e9 gr\u00e2ce aux enqu\u00eates de la revue. Si nous avions d\u00e9j\u00e0 d&rsquo;importantes archives sur les mouvements anti-IVG catholiques fran\u00e7ais en 1997, nous comptons aujourd&rsquo;hui pr\u00e8s de 400 bo\u00eetes d&rsquo;archives, une documentation assez exceptionnelle (constitu\u00e9e de tracts, de documents, de publications, de &hellip; <a href=\"https:\/\/prochoix.org\/?page_id=96\" class=\"more-link\">Continuer la lecture de <span class=\"screen-reader-text\">Centre de doc<\/span>  <span class=\"meta-nav\">&rarr;<\/span><\/a><\/p>\n","protected":false},"author":1,"featured_media":0,"parent":0,"menu_order":0,"comment_status":"open","ping_status":"open","template":"","meta":{"footnotes":""},"_links":{"self":[{"href":"https:\/\/prochoix.org\/index.php?rest_route=\/wp\/v2\/pages\/96"}],"collection":[{"href":"https:\/\/prochoix.org\/index.php?rest_route=\/wp\/v2\/pages"}],"about":[{"href":"https:\/\/prochoix.org\/index.php?rest_route=\/wp\/v2\/types\/page"}],"author":[{"embeddable":true,"href":"https:\/\/prochoix.org\/index.php?rest_route=\/wp\/v2\/users\/1"}],"replies":[{"embeddable":true,"href":"https:\/\/prochoix.org\/index.php?rest_route=%2Fwp%2Fv2%2Fcomments&post=96"}],"version-history":[{"count":2,"href":"https:\/\/prochoix.org\/index.php?rest_route=\/wp\/v2\/pages\/96\/revisions"}],"predecessor-version":[{"id":326,"href":"https:\/\/prochoix.org\/index.php?rest_route=\/wp\/v2\/pages\/96\/revisions\/326"}],"wp:attachment":[{"href":"https:\/\/prochoix.org\/index.php?rest_route=%2Fwp%2Fv2%2Fmedia&parent=96"}],"curies":[{"name":"wp","href":"https:\/\/api.w.org\/{rel}","templated":true}]}}